{"id":1026,"date":"2021-04-14T04:54:38","date_gmt":"2021-04-14T04:54:38","guid":{"rendered":"http:\/\/cananpartidunyasi.com\/?page_id=1026"},"modified":"2021-10-17T23:05:44","modified_gmt":"2021-10-17T23:05:44","slug":"konseptlerimiz","status":"publish","type":"page","link":"https:\/\/cananpartidunyasi.com\/?page_id=1026","title":{"rendered":"Konseptlerimiz"},"content":{"rendered":"\n<div class=\"wp-block-cover alignfull has-background-dim-20 has-black-background-color has-background-dim has-parallax\" style=\"background-image:url(http:\/\/cananpartidunyasi.com\/wp-content\/uploads\/2021\/10\/Kids-Birthday-Parties-in-Tokyo-2.jpg);min-height:600px;aspect-ratio:unset;\"><div class=\"wp-block-cover__inner-container is-layout-flow wp-block-cover-is-layout-flow\">\n<h3 class=\"has-white-color has-text-color wp-block-heading\">\u2014  Standart<\/h3>\n\n\n\n<h1 class=\"has-white-color has-text-color wp-block-heading\">Konseptlerimiz<\/h1>\n<\/div><\/div>\n\n\n\n<div class=\"wp-block-group alignfull has-background is-layout-flow wp-block-group-is-layout-flow\" style=\"background:linear-gradient(180deg,rgb(255,255,255) 0%,rgb(248,248,248) 100%)\"><div class=\"wp-block-group__inner-container\">\n<div class=\"wp-block-columns is-layout-flex wp-container-core-columns-is-layout-9d6595d7 wp-block-columns-is-layout-flex\">\n<div class=\"wp-block-column is-vertically-aligned-center is-layout-flow wp-block-column-is-layout-flow\" style=\"flex-basis:33.33%\">\n<hr class=\"wp-block-separator has-text-color has-background has-ast-global-color-0-background-color has-ast-global-color-0-color\"\/>\n\n\n\n<p>Konsept 1<\/p>\n\n\n\n<h3 class=\"wp-block-heading\">Konsept 1<\/h3>\n\n\n\n<p>Lorem ipsum dolor sit amet, consectetur adipiscing elit. Ut elit tellus, luctus nec ullamcorper mattis, pulvinar dapibus leo.<\/p>\n<\/div>\n\n\n\n<div class=\"wp-block-column is-layout-flow wp-block-column-is-layout-flow\" style=\"flex-basis:66.66%\">\n<div class=\"wp-block-cover\"><img loading=\"lazy\" decoding=\"async\" width=\"375\" height=\"250\" class=\"wp-block-cover__image-background wp-image-318\" alt=\"\" src=\"http:\/\/cananpartidunyasi.com\/wp-content\/uploads\/2021\/02\/courses-04-free-img.jpg\" data-object-fit=\"cover\" srcset=\"https:\/\/cananpartidunyasi.com\/wp-content\/uploads\/2021\/02\/courses-04-free-img.jpg 375w, https:\/\/cananpartidunyasi.com\/wp-content\/uploads\/2021\/02\/courses-04-free-img-300x200.jpg 300w\" sizes=\"auto, (max-width: 375px) 100vw, 375px\" \/><div class=\"wp-block-cover__inner-container is-layout-flow wp-block-cover-is-layout-flow\">\n<div class=\"wp-block-buttons is-content-justification-center is-layout-flex wp-block-buttons-is-layout-flex\">\n<div class=\"wp-block-button\"><a class=\"wp-block-button__link\">Watch Video<\/a><\/div>\n<\/div>\n<\/div><\/div>\n<\/div>\n<\/div>\n\n\n\n<div class=\"wp-block-columns is-layout-flex wp-container-core-columns-is-layout-9d6595d7 wp-block-columns-is-layout-flex\">\n<div class=\"wp-block-column is-vertically-aligned-center is-layout-flow wp-block-column-is-layout-flow\" style=\"flex-basis:33.33%\">\n<hr class=\"wp-block-separator has-text-color has-background has-ast-global-color-0-background-color has-ast-global-color-0-color\"\/>\n\n\n\n<p>Konsept 2<\/p>\n\n\n\n<h3 class=\"wp-block-heading\">Konsept 2<\/h3>\n\n\n\n<p>Lorem ipsum dolor sit amet, consectetur adipiscing elit. Ut elit tellus, luctus nec ullamcorper mattis, pulvinar dapibus leo.<\/p>\n<\/div>\n\n\n\n<div class=\"wp-block-column is-layout-flow wp-block-column-is-layout-flow\" style=\"flex-basis:66.66%\">\n<div class=\"wp-block-cover\"><img loading=\"lazy\" decoding=\"async\" width=\"375\" height=\"250\" class=\"wp-block-cover__image-background wp-image-316\" alt=\"\" src=\"http:\/\/cananpartidunyasi.com\/wp-content\/uploads\/2021\/02\/courses-02-free-img.jpg\" data-object-fit=\"cover\" srcset=\"https:\/\/cananpartidunyasi.com\/wp-content\/uploads\/2021\/02\/courses-02-free-img.jpg 375w, https:\/\/cananpartidunyasi.com\/wp-content\/uploads\/2021\/02\/courses-02-free-img-300x200.jpg 300w\" sizes=\"auto, (max-width: 375px) 100vw, 375px\" \/><div class=\"wp-block-cover__inner-container is-layout-flow wp-block-cover-is-layout-flow\">\n<div class=\"wp-block-buttons is-content-justification-center is-layout-flex wp-block-buttons-is-layout-flex\">\n<div class=\"wp-block-button\"><a class=\"wp-block-button__link\">Watch Video<\/a><\/div>\n<\/div>\n<\/div><\/div>\n<\/div>\n<\/div>\n\n\n\n<div class=\"wp-block-columns is-layout-flex wp-container-core-columns-is-layout-9d6595d7 wp-block-columns-is-layout-flex\">\n<div class=\"wp-block-column is-vertically-aligned-center is-layout-flow wp-block-column-is-layout-flow\" style=\"flex-basis:33.33%\">\n<hr class=\"wp-block-separator has-text-color has-background has-ast-global-color-0-background-color has-ast-global-color-0-color\"\/>\n\n\n\n<p>Konsept 3<\/p>\n\n\n\n<h3 class=\"wp-block-heading\">Konsept 3<\/h3>\n\n\n\n<p>Lorem ipsum dolor sit amet, consectetur adipiscing elit. Ut elit tellus, luctus nec ullamcorper mattis, pulvinar dapibus leo.<\/p>\n<\/div>\n\n\n\n<div class=\"wp-block-column is-layout-flow wp-block-column-is-layout-flow\" style=\"flex-basis:66.66%\">\n<div class=\"wp-block-cover\"><img loading=\"lazy\" decoding=\"async\" width=\"375\" height=\"250\" class=\"wp-block-cover__image-background wp-image-317\" alt=\"\" src=\"http:\/\/cananpartidunyasi.com\/wp-content\/uploads\/2021\/02\/courses-03-free-img.jpg\" data-object-fit=\"cover\" srcset=\"https:\/\/cananpartidunyasi.com\/wp-content\/uploads\/2021\/02\/courses-03-free-img.jpg 375w, https:\/\/cananpartidunyasi.com\/wp-content\/uploads\/2021\/02\/courses-03-free-img-300x200.jpg 300w\" sizes=\"auto, (max-width: 375px) 100vw, 375px\" \/><div class=\"wp-block-cover__inner-container is-layout-flow wp-block-cover-is-layout-flow\">\n<div class=\"wp-block-buttons is-content-justification-center is-layout-flex wp-block-buttons-is-layout-flex\">\n<div class=\"wp-block-button\"><a class=\"wp-block-button__link\">Watch Video<\/a><\/div>\n<\/div>\n<\/div><\/div>\n<\/div>\n<\/div>\n<\/div><\/div>\n\n\n\n<div class=\"wp-block-group has-ast-global-color-0-background-color has-background is-layout-flow wp-block-group-is-layout-flow\"><div class=\"wp-block-group__inner-container\">\n<div class=\"wp-block-columns is-layout-flex wp-container-core-columns-is-layout-9d6595d7 wp-block-columns-is-layout-flex\">\n<div class=\"wp-block-column is-layout-flow wp-block-column-is-layout-flow\" style=\"flex-basis:33.33%\">\n<div class=\"wp-block-group is-layout-flow wp-block-group-is-layout-flow\"><div class=\"wp-block-group__inner-container\">\n<h2 class=\"has-white-color has-text-color wp-block-heading\">Yaz\u0131<\/h2>\n\n\n\n<p class=\"has-white-color has-text-color\">Yaz\u0131<\/p>\n<\/div><\/div>\n<\/div>\n\n\n\n<div class=\"wp-block-column is-layout-flow wp-block-column-is-layout-flow\" style=\"flex-basis:66.66%\">\n<div class=\"wp-block-group is-layout-flow wp-block-group-is-layout-flow\"><div class=\"wp-block-group__inner-container\">\n<h3 class=\"has-white-color has-text-color wp-block-heading\">Yaz\u0131<\/h3>\n\n\n\n<ul class=\"has-white-color has-text-color wp-block-list\"><li>Yaz\u0131<\/li><li>Yaz\u0131<\/li><\/ul>\n\n\n\n<div class=\"wp-block-buttons is-layout-flex wp-block-buttons-is-layout-flex\">\n<div class=\"wp-block-button\"><a class=\"wp-block-button__link\">S\u0130PAR\u0130\u015e VER\u0130N<\/a><\/div>\n<\/div>\n<\/div><\/div>\n<\/div>\n<\/div>\n<\/div><\/div>\n","protected":false},"excerpt":{"rendered":"<p>Konsept 1 Konsept 1 Lorem ipsum dolor sit amet, consectetur adipiscing elit. Ut elit tellus, luctus nec ullamcorper mattis, pulvinar dapibus leo. Konsept 2 Konsept 2 Lorem ipsum dolor sit amet, consectetur adipiscing elit. Ut elit tellus, luctus nec ullamcorper mattis, pulvinar dapibus leo. Konsept 3 Konsept 3 Lorem ipsum dolor sit amet, consectetur adipiscing &hellip;<\/p>\n<p class=\"read-more\"> <a class=\"\" href=\"https:\/\/cananpartidunyasi.com\/?page_id=1026\"> <span class=\"screen-reader-text\">Konseptlerimiz<\/span> Read More &raquo;<\/a><\/p>\n","protected":false},"author":1,"featured_media":0,"parent":0,"menu_order":0,"comment_status":"closed","ping_status":"closed","template":"","meta":{"om_disable_all_campaigns":false,"footnotes":""},"class_list":["post-1026","page","type-page","status-publish","hentry"],"_links":{"self":[{"href":"https:\/\/cananpartidunyasi.com\/index.php?rest_route=\/wp\/v2\/pages\/1026","targetHints":{"allow":["GET"]}}],"collection":[{"href":"https:\/\/cananpartidunyasi.com\/index.php?rest_route=\/wp\/v2\/pages"}],"about":[{"href":"https:\/\/cananpartidunyasi.com\/index.php?rest_route=\/wp\/v2\/types\/page"}],"author":[{"embeddable":true,"href":"https:\/\/cananpartidunyasi.com\/index.php?rest_route=\/wp\/v2\/users\/1"}],"replies":[{"embeddable":true,"href":"https:\/\/cananpartidunyasi.com\/index.php?rest_route=%2Fwp%2Fv2%2Fcomments&post=1026"}],"version-history":[{"count":3,"href":"https:\/\/cananpartidunyasi.com\/index.php?rest_route=\/wp\/v2\/pages\/1026\/revisions"}],"predecessor-version":[{"id":1285,"href":"https:\/\/cananpartidunyasi.com\/index.php?rest_route=\/wp\/v2\/pages\/1026\/revisions\/1285"}],"wp:attachment":[{"href":"https:\/\/cananpartidunyasi.com\/index.php?rest_route=%2Fwp%2Fv2%2Fmedia&parent=1026"}],"curies":[{"name":"wp","href":"https:\/\/api.w.org\/{rel}","templated":true}]}}