{"id":1014,"date":"2021-04-14T04:53:14","date_gmt":"2021-04-14T04:53:14","guid":{"rendered":"http:\/\/cananpartidunyasi.com\/?page_id=1014"},"modified":"2021-10-17T22:17:36","modified_gmt":"2021-10-17T22:17:36","slug":"about","status":"publish","type":"page","link":"https:\/\/cananpartidunyasi.com\/?page_id=1014","title":{"rendered":"Hakk\u0131m\u0131zda"},"content":{"rendered":"\n<div class=\"wp-block-cover alignfull has-background-dim-20 has-black-background-color has-background-dim has-parallax\" style=\"background-image:url(http:\/\/cananpartidunyasi.com\/wp-content\/uploads\/2021\/10\/center-southern-tier.png);min-height:640px;aspect-ratio:unset;\"><div class=\"wp-block-cover__inner-container is-layout-flow wp-block-cover-is-layout-flow\">\n<h6 class=\"has-white-color has-text-color has-large-font-size wp-block-heading\">\u2014 Bizim i\u015fimiz<\/h6>\n\n\n\n<h1 class=\"has-white-color has-text-color wp-block-heading\">G\u00fczel an\u0131lar<\/h1>\n<\/div><\/div>\n\n\n\n<div class=\"wp-block-cover alignfull has-background-dim\" style=\"background-color:#f8f8f8\"><div class=\"wp-block-cover__inner-container is-layout-flow wp-block-cover-is-layout-flow\">\n<div class=\"wp-block-columns is-layout-flex wp-container-core-columns-is-layout-9d6595d7 wp-block-columns-is-layout-flex\">\n<div class=\"wp-block-column is-vertically-aligned-center is-layout-flow wp-block-column-is-layout-flow\">\n<div class=\"wp-block-group has-ast-global-color-0-background-color has-background is-layout-flow wp-block-group-is-layout-flow\"><div class=\"wp-block-group__inner-container\">\n<h2 class=\"has-white-color has-text-color wp-block-heading\">Yaz\u0131<\/h2>\n\n\n\n<h4 class=\"has-white-color has-text-color wp-block-heading\">Yaz\u0131<\/h4>\n\n\n\n<p class=\"has-white-color has-text-color\">Yaz\u0131<\/p>\n\n\n\n<p class=\"has-white-color has-text-color\">Yaz\u0131<\/p>\n\n\n\n<hr class=\"wp-block-separator has-text-color has-background has-white-background-color has-white-color\"\/>\n<\/div><\/div>\n<\/div>\n\n\n\n<div class=\"wp-block-column is-layout-flow wp-block-column-is-layout-flow\">\n<div class=\"wp-block-image\"><figure class=\"alignleft size-large is-resized\"><img loading=\"lazy\" decoding=\"async\" src=\"http:\/\/cananpartidunyasi.com\/wp-content\/uploads\/2021\/10\/birthdays_feature_img_lft-1024x673.jpg\" alt=\"\" class=\"wp-image-1264\" width=\"506\" height=\"332\" srcset=\"https:\/\/cananpartidunyasi.com\/wp-content\/uploads\/2021\/10\/birthdays_feature_img_lft-1024x673.jpg 1024w, https:\/\/cananpartidunyasi.com\/wp-content\/uploads\/2021\/10\/birthdays_feature_img_lft-300x197.jpg 300w, https:\/\/cananpartidunyasi.com\/wp-content\/uploads\/2021\/10\/birthdays_feature_img_lft-768x505.jpg 768w, https:\/\/cananpartidunyasi.com\/wp-content\/uploads\/2021\/10\/birthdays_feature_img_lft.jpg 1194w\" sizes=\"auto, (max-width: 506px) 100vw, 506px\" \/><\/figure><\/div>\n<\/div>\n<\/div>\n<\/div><\/div>\n\n\n\n<div class=\"wp-block-group alignfull has-background is-layout-flow wp-block-group-is-layout-flow\" style=\"background-color:#f8f8f8\"><div class=\"wp-block-group__inner-container\">\n<h2 class=\"has-text-align-center wp-block-heading\">Yaz\u0131<\/h2>\n\n\n\n<hr class=\"wp-block-separator aligncenter has-text-color has-background has-ast-global-color-0-background-color has-ast-global-color-0-color\"\/>\n\n\n\n<p class=\"has-text-align-center\">Yaz\u0131<\/p>\n\n\n\n<div class=\"wp-block-columns alignwide is-layout-flex wp-container-core-columns-is-layout-9d6595d7 wp-block-columns-is-layout-flex\">\n<div class=\"wp-block-column is-layout-flow wp-block-column-is-layout-flow\">\n<div class=\"wp-block-group has-white-background-color has-background is-layout-flow wp-block-group-is-layout-flow\"><div class=\"wp-block-group__inner-container\">\n<h6 class=\"has-text-color wp-block-heading\" style=\"color:#e0e0e0\">\u2014 01<\/h6>\n\n\n\n<h3 class=\"has-ast-global-color-0-color has-text-color wp-block-heading\">Yaz\u0131<\/h3>\n\n\n\n<p>Eius modi tempora incidunt ut labore et dolore magnam aliquam quaerat voluptatem. Proin gravida nibh vel velit auctor aliquet aenean.<\/p>\n<\/div><\/div>\n<\/div>\n\n\n\n<div class=\"wp-block-column is-layout-flow wp-block-column-is-layout-flow\">\n<div class=\"wp-block-group has-white-background-color has-background is-layout-flow wp-block-group-is-layout-flow\"><div class=\"wp-block-group__inner-container\">\n<h6 class=\"has-text-color wp-block-heading\" style=\"color:#e0e0e0\">\u2014 02<\/h6>\n\n\n\n<h3 class=\"has-ast-global-color-0-color has-text-color wp-block-heading\">Yaz\u0131<\/h3>\n\n\n\n<p>Eius modi tempora incidunt ut labore et dolore magnam aliquam quaerat voluptatem. Proin gravida nibh vel velit auctor aliquet aenean.<\/p>\n<\/div><\/div>\n<\/div>\n\n\n\n<div class=\"wp-block-column is-layout-flow wp-block-column-is-layout-flow\">\n<div class=\"wp-block-group has-white-background-color has-background is-layout-flow wp-block-group-is-layout-flow\"><div class=\"wp-block-group__inner-container\">\n<h6 class=\"has-text-color wp-block-heading\" style=\"color:#e0e0e0\">\u2014 03<\/h6>\n\n\n\n<h3 class=\"has-ast-global-color-0-color has-text-color wp-block-heading\">Yaz\u0131<\/h3>\n\n\n\n<p>Eius modi tempora incidunt ut labore et dolore magnam aliquam quaerat voluptatem. Proin gravida nibh vel velit auctor aliquet aenean.<\/p>\n<\/div><\/div>\n<\/div>\n<\/div>\n<\/div><\/div>\n\n\n\n<div class=\"wp-block-group has-ast-global-color-0-background-color has-background is-layout-flow wp-block-group-is-layout-flow\"><div class=\"wp-block-group__inner-container\">\n<div class=\"wp-block-columns is-layout-flex wp-container-core-columns-is-layout-9d6595d7 wp-block-columns-is-layout-flex\">\n<div class=\"wp-block-column is-layout-flow wp-block-column-is-layout-flow\" style=\"flex-basis:33.33%\">\n<div class=\"wp-block-group is-layout-flow wp-block-group-is-layout-flow\"><div class=\"wp-block-group__inner-container\">\n<h2 class=\"has-white-color has-text-color wp-block-heading\">Yaz\u0131<\/h2>\n\n\n\n<p class=\"has-white-color has-text-color\">Yaz\u0131<\/p>\n<\/div><\/div>\n<\/div>\n\n\n\n<div class=\"wp-block-column is-layout-flow wp-block-column-is-layout-flow\" style=\"flex-basis:66.66%\">\n<div class=\"wp-block-group is-layout-flow wp-block-group-is-layout-flow\"><div class=\"wp-block-group__inner-container\">\n<h3 class=\"has-white-color has-text-color wp-block-heading\">Yaz\u0131<\/h3>\n\n\n\n<ul class=\"has-white-color has-text-color wp-block-list\"><li>Yaz\u0131<\/li><li>Yaz\u0131<\/li><\/ul>\n\n\n\n<div class=\"wp-block-buttons is-layout-flex wp-block-buttons-is-layout-flex\">\n<div class=\"wp-block-button is-style-fill\"><a class=\"wp-block-button__link\">RANDEVU \u0130\u00c7\u0130N<\/a><\/div>\n<\/div>\n<\/div><\/div>\n<\/div>\n<\/div>\n<\/div><\/div>\n","protected":false},"excerpt":{"rendered":"<p>Yaz\u0131 Yaz\u0131 \u2014 01 Yaz\u0131 Eius modi tempora incidunt ut labore et dolore magnam aliquam quaerat voluptatem. Proin gravida nibh vel velit auctor aliquet aenean. \u2014 02 Yaz\u0131 Eius modi tempora incidunt ut labore et dolore magnam aliquam quaerat voluptatem. Proin gravida nibh vel velit auctor aliquet aenean. \u2014 03 Yaz\u0131 Eius modi tempora incidunt &hellip;<\/p>\n<p class=\"read-more\"> <a class=\"\" href=\"https:\/\/cananpartidunyasi.com\/?page_id=1014\"> <span class=\"screen-reader-text\">Hakk\u0131m\u0131zda<\/span> Read More &raquo;<\/a><\/p>\n","protected":false},"author":1,"featured_media":0,"parent":0,"menu_order":0,"comment_status":"closed","ping_status":"closed","template":"","meta":{"om_disable_all_campaigns":false,"footnotes":""},"class_list":["post-1014","page","type-page","status-publish","hentry"],"_links":{"self":[{"href":"https:\/\/cananpartidunyasi.com\/index.php?rest_route=\/wp\/v2\/pages\/1014","targetHints":{"allow":["GET"]}}],"collection":[{"href":"https:\/\/cananpartidunyasi.com\/index.php?rest_route=\/wp\/v2\/pages"}],"about":[{"href":"https:\/\/cananpartidunyasi.com\/index.php?rest_route=\/wp\/v2\/types\/page"}],"author":[{"embeddable":true,"href":"https:\/\/cananpartidunyasi.com\/index.php?rest_route=\/wp\/v2\/users\/1"}],"replies":[{"embeddable":true,"href":"https:\/\/cananpartidunyasi.com\/index.php?rest_route=%2Fwp%2Fv2%2Fcomments&post=1014"}],"version-history":[{"count":7,"href":"https:\/\/cananpartidunyasi.com\/index.php?rest_route=\/wp\/v2\/pages\/1014\/revisions"}],"predecessor-version":[{"id":1268,"href":"https:\/\/cananpartidunyasi.com\/index.php?rest_route=\/wp\/v2\/pages\/1014\/revisions\/1268"}],"wp:attachment":[{"href":"https:\/\/cananpartidunyasi.com\/index.php?rest_route=%2Fwp%2Fv2%2Fmedia&parent=1014"}],"curies":[{"name":"wp","href":"https:\/\/api.w.org\/{rel}","templated":true}]}}